{"id":1001,"date":"2021-05-11T09:28:53","date_gmt":"2021-05-11T09:28:53","guid":{"rendered":"https:\/\/nice06-renovation.com\/index.php\/home\/"},"modified":"2023-06-18T17:55:26","modified_gmt":"2023-06-18T15:55:26","slug":"home","status":"publish","type":"page","link":"https:\/\/nice06-renovation.com\/","title":{"rendered":"Home"},"content":{"rendered":"\t\t<div data-elementor-type=\"wp-page\" data-elementor-id=\"1001\" class=\"elementor elementor-1001\">\n\t\t\t\t\t\t<section class=\"elementor-section elementor-top-section elementor-element elementor-element-290da7a elementor-section-boxed elementor-section-height-default elementor-section-height-default\" data-id=\"290da7a\" data-element_type=\"section\" data-settings=\"{&quot;background_background&quot;:&quot;slideshow&quot;,&quot;background_slideshow_gallery&quot;:[{&quot;id&quot;:1008,&quot;url&quot;:&quot;https:\\\/\\\/nice06-renovation.com\\\/wp-content\\\/uploads\\\/2023\\\/04\\\/salon-blanc-1.jpeg&quot;},{&quot;id&quot;:1009,&quot;url&quot;:&quot;https:\\\/\\\/nice06-renovation.com\\\/wp-content\\\/uploads\\\/2023\\\/04\\\/sdb-marron-1.jpeg&quot;},{&quot;id&quot;:1010,&quot;url&quot;:&quot;https:\\\/\\\/nice06-renovation.com\\\/wp-content\\\/uploads\\\/2023\\\/04\\\/salon-gris-1.jpeg&quot;},{&quot;id&quot;:1011,&quot;url&quot;:&quot;https:\\\/\\\/nice06-renovation.com\\\/wp-content\\\/uploads\\\/2023\\\/04\\\/renovation-1.jpeg&quot;}],&quot;background_slideshow_loop&quot;:&quot;yes&quot;,&quot;background_slideshow_slide_duration&quot;:5000,&quot;background_slideshow_slide_transition&quot;:&quot;fade&quot;,&quot;background_slideshow_transition_duration&quot;:500}\">\n\t\t\t\t\t\t<div class=\"elementor-container elementor-column-gap-no\">\n\t\t\t\t\t<div class=\"elementor-column elementor-col-100 elementor-top-column elementor-element elementor-element-778f974\" data-id=\"778f974\" data-element_type=\"column\">\n\t\t\t<div class=\"elementor-widget-wrap elementor-element-populated\">\n\t\t\t\t\t\t<div class=\"elementor-element elementor-element-64839e3 elementor-widget elementor-widget-heading\" data-id=\"64839e3\" data-element_type=\"widget\" data-widget_type=\"heading.default\">\n\t\t\t\t<div class=\"elementor-widget-container\">\n\t\t\t\t\t<h1 class=\"elementor-heading-title elementor-size-default\">Nice renovation<\/h1>\t\t\t\t<\/div>\n\t\t\t\t<\/div>\n\t\t\t\t<div class=\"elementor-element elementor-element-c5c896f elementor-widget elementor-widget-heading\" data-id=\"c5c896f\" data-element_type=\"widget\" data-widget_type=\"heading.default\">\n\t\t\t\t<div class=\"elementor-widget-container\">\n\t\t\t\t\t<h4 class=\"elementor-heading-title elementor-size-default\">Devis gratuit sous 24h<\/h4>\t\t\t\t<\/div>\n\t\t\t\t<\/div>\n\t\t\t\t<div class=\"elementor-element elementor-element-92d5876 elementor-button-danger elementor-widget elementor-widget-button\" data-id=\"92d5876\" data-element_type=\"widget\" data-widget_type=\"button.default\">\n\t\t\t\t<div class=\"elementor-widget-container\">\n\t\t\t\t\t\t\t\t\t<div class=\"elementor-button-wrapper\">\n\t\t\t\t\t<a class=\"elementor-button elementor-button-link elementor-size-sm\" href=\"https:\/\/nice06-renovation.com\/index.php\/contact\/\">\n\t\t\t\t\t\t<span class=\"elementor-button-content-wrapper\">\n\t\t\t\t\t\t<span class=\"elementor-button-icon\">\n\t\t\t\t<i aria-hidden=\"true\" class=\"far fa-envelope\"><\/i>\t\t\t<\/span>\n\t\t\t\t\t\t\t\t\t<span class=\"elementor-button-text\">Contactez-nous<\/span>\n\t\t\t\t\t<\/span>\n\t\t\t\t\t<\/a>\n\t\t\t\t<\/div>\n\t\t\t\t\t\t\t\t<\/div>\n\t\t\t\t<\/div>\n\t\t\t\t\t<\/div>\n\t\t<\/div>\n\t\t\t\t\t<\/div>\n\t\t<\/section>\n\t\t\t\t<section class=\"elementor-section elementor-top-section elementor-element elementor-element-5bcbf76 elementor-section-boxed elementor-section-height-default elementor-section-height-default\" data-id=\"5bcbf76\" data-element_type=\"section\">\n\t\t\t\t\t\t<div class=\"elementor-container elementor-column-gap-no\">\n\t\t\t\t\t<div class=\"elementor-column elementor-col-100 elementor-top-column elementor-element elementor-element-4c788d6\" data-id=\"4c788d6\" data-element_type=\"column\">\n\t\t\t<div class=\"elementor-widget-wrap elementor-element-populated\">\n\t\t\t\t\t\t<div class=\"elementor-element elementor-element-8735c36 elementor-widget elementor-widget-menu-anchor\" data-id=\"8735c36\" data-element_type=\"widget\" data-widget_type=\"menu-anchor.default\">\n\t\t\t\t<div class=\"elementor-widget-container\">\n\t\t\t\t\t\t\t<div class=\"elementor-menu-anchor\" id=\"Services\"><\/div>\n\t\t\t\t\t\t<\/div>\n\t\t\t\t<\/div>\n\t\t\t\t<div class=\"elementor-element elementor-element-1396d50 elementor-widget elementor-widget-text-editor\" data-id=\"1396d50\" data-element_type=\"widget\" data-widget_type=\"text-editor.default\">\n\t\t\t\t<div class=\"elementor-widget-container\">\n\t\t\t\t\t\t\t\t\t<span style=\"font-size: 3em;\">R\u00e9novation <strong>Alpes-Maritimes<\/strong><\/span>\n<br\/>\n<strong>Nice &#8211; Monaco &#8211; Cannes<\/strong>\t\t\t\t\t\t\t\t<\/div>\n\t\t\t\t<\/div>\n\t\t\t\t<div class=\"elementor-element elementor-element-f32a01b elementor-widget elementor-widget-text-editor\" data-id=\"f32a01b\" data-element_type=\"widget\" data-widget_type=\"text-editor.default\">\n\t\t\t\t<div class=\"elementor-widget-container\">\n\t\t\t\t\t\t\t\t\t<p style=\"font-size: 21px; line-height: normal; text-align: center;\"><span style=\"font-size: 21px;\"><span style=\"letter-spacing: normal;\"><span style=\"color: #000000;\"><span style=\"font-family: avenir-lt-w01_35-light1475496,sans-serif;\">R\u00e9novations et am\u00e9nagements total int\u00e9rieurs et ext\u00e9rieurs tous corps d&rsquo;\u00e9tat.<\/span><\/span><\/span><\/span><\/p>\n<p style=\"font-size: 21px; line-height: normal; text-align: center;\"><span style=\"font-size: 21px;\"><span style=\"letter-spacing: normal;\"><span style=\"color: #000000;\"><span style=\"font-family: avenir-lt-w01_35-light1475496,sans-serif;\">Vous souhaitez r\u00e9aliser des travaux de r\u00e9novation au sein de votre logement ou dans vos locaux d&rsquo;entreprise ? <br>Confiez votre projet aux professionnels de <b>Nice R\u00e9novation<\/b>, capables de se charger de tous vos travaux de A \u00e0 Z.<br><\/span><\/span><\/span><\/span><\/p>\t\t\t\t\t\t\t\t<\/div>\n\t\t\t\t<\/div>\n\t\t\t\t<div class=\"elementor-element elementor-element-080179f elementor-button-danger elementor-align-center elementor-widget elementor-widget-button\" data-id=\"080179f\" data-element_type=\"widget\" data-widget_type=\"button.default\">\n\t\t\t\t<div class=\"elementor-widget-container\">\n\t\t\t\t\t\t\t\t\t<div class=\"elementor-button-wrapper\">\n\t\t\t\t\t<a class=\"elementor-button elementor-button-link elementor-size-sm\" href=\"https:\/\/nice06-renovation.com\/index.php\/contact\/\">\n\t\t\t\t\t\t<span class=\"elementor-button-content-wrapper\">\n\t\t\t\t\t\t<span class=\"elementor-button-icon\">\n\t\t\t\t<i aria-hidden=\"true\" class=\"fas fa-map-marker-alt\"><\/i>\t\t\t<\/span>\n\t\t\t\t\t\t\t\t\t<span class=\"elementor-button-text\">Retrouvez-nous<\/span>\n\t\t\t\t\t<\/span>\n\t\t\t\t\t<\/a>\n\t\t\t\t<\/div>\n\t\t\t\t\t\t\t\t<\/div>\n\t\t\t\t<\/div>\n\t\t\t\t<div class=\"elementor-element elementor-element-6ad8164 elementor-widget elementor-widget-heading\" data-id=\"6ad8164\" data-element_type=\"widget\" data-widget_type=\"heading.default\">\n\t\t\t\t<div class=\"elementor-widget-container\">\n\t\t\t\t\t<h4 class=\"elementor-heading-title elementor-size-default\">Optez pour le style qui vous ressemble<\/h4>\t\t\t\t<\/div>\n\t\t\t\t<\/div>\n\t\t\t\t<div class=\"elementor-element elementor-element-26b21b0 elementor-widget elementor-widget-image-gallery\" data-id=\"26b21b0\" data-element_type=\"widget\" data-widget_type=\"image-gallery.default\">\n\t\t\t\t<div class=\"elementor-widget-container\">\n\t\t\t\t\t\t\t<div class=\"elementor-image-gallery\">\n\t\t\t<div id='gallery-1' class='gallery galleryid-1001 gallery-columns-2 gallery-size-full'><figure class='gallery-item'>\n\t\t\t<div class='gallery-icon landscape'>\n\t\t\t\t<a data-elementor-open-lightbox=\"yes\" data-elementor-lightbox-slideshow=\"26b21b0\" data-elementor-lightbox-title=\"pexels-photo-7005295\" data-e-action-hash=\"#elementor-action%3Aaction%3Dlightbox%26settings%3DeyJpZCI6MTA0MywidXJsIjoiaHR0cHM6XC9cL25pY2UwNi1yZW5vdmF0aW9uLmNvbVwvd3AtY29udGVudFwvdXBsb2Fkc1wvMjAyM1wvMDRcL3BleGVscy1waG90by03MDA1Mjk1LmpwZWciLCJzbGlkZXNob3ciOiIyNmIyMWIwIn0%3D\" href='https:\/\/nice06-renovation.com\/wp-content\/uploads\/2023\/04\/pexels-photo-7005295.jpeg'><img fetchpriority=\"high\" decoding=\"async\" width=\"1124\" height=\"750\" src=\"https:\/\/nice06-renovation.com\/wp-content\/uploads\/2023\/04\/pexels-photo-7005295.jpeg\" class=\"attachment-full size-full\" alt=\"\" srcset=\"https:\/\/nice06-renovation.com\/wp-content\/uploads\/2023\/04\/pexels-photo-7005295.jpeg 1124w, https:\/\/nice06-renovation.com\/wp-content\/uploads\/2023\/04\/pexels-photo-7005295-300x200.jpeg 300w, https:\/\/nice06-renovation.com\/wp-content\/uploads\/2023\/04\/pexels-photo-7005295-1024x683.jpeg 1024w, https:\/\/nice06-renovation.com\/wp-content\/uploads\/2023\/04\/pexels-photo-7005295-768x512.jpeg 768w\" sizes=\"(max-width: 1124px) 100vw, 1124px\" \/><\/a>\n\t\t\t<\/div><\/figure><figure class='gallery-item'>\n\t\t\t<div class='gallery-icon landscape'>\n\t\t\t\t<a data-elementor-open-lightbox=\"yes\" data-elementor-lightbox-slideshow=\"26b21b0\" data-elementor-lightbox-title=\"pexels-photo-3285193\" data-e-action-hash=\"#elementor-action%3Aaction%3Dlightbox%26settings%3DeyJpZCI6MTA0NCwidXJsIjoiaHR0cHM6XC9cL25pY2UwNi1yZW5vdmF0aW9uLmNvbVwvd3AtY29udGVudFwvdXBsb2Fkc1wvMjAyM1wvMDRcL3BleGVscy1waG90by0zMjg1MTkzLmpwZWciLCJzbGlkZXNob3ciOiIyNmIyMWIwIn0%3D\" href='https:\/\/nice06-renovation.com\/wp-content\/uploads\/2023\/04\/pexels-photo-3285193.jpeg'><img decoding=\"async\" width=\"1125\" height=\"750\" src=\"https:\/\/nice06-renovation.com\/wp-content\/uploads\/2023\/04\/pexels-photo-3285193.jpeg\" class=\"attachment-full size-full\" alt=\"\" srcset=\"https:\/\/nice06-renovation.com\/wp-content\/uploads\/2023\/04\/pexels-photo-3285193.jpeg 1125w, https:\/\/nice06-renovation.com\/wp-content\/uploads\/2023\/04\/pexels-photo-3285193-300x200.jpeg 300w, https:\/\/nice06-renovation.com\/wp-content\/uploads\/2023\/04\/pexels-photo-3285193-1024x683.jpeg 1024w, https:\/\/nice06-renovation.com\/wp-content\/uploads\/2023\/04\/pexels-photo-3285193-768x512.jpeg 768w\" sizes=\"(max-width: 1125px) 100vw, 1125px\" \/><\/a>\n\t\t\t<\/div><\/figure><figure class='gallery-item'>\n\t\t\t<div class='gallery-icon landscape'>\n\t\t\t\t<a data-elementor-open-lightbox=\"yes\" data-elementor-lightbox-slideshow=\"26b21b0\" data-elementor-lightbox-title=\"pexels-photo-7031760\" data-e-action-hash=\"#elementor-action%3Aaction%3Dlightbox%26settings%3DeyJpZCI6MTA0MCwidXJsIjoiaHR0cHM6XC9cL25pY2UwNi1yZW5vdmF0aW9uLmNvbVwvd3AtY29udGVudFwvdXBsb2Fkc1wvMjAyM1wvMDRcL3BleGVscy1waG90by03MDMxNzYwLmpwZWciLCJzbGlkZXNob3ciOiIyNmIyMWIwIn0%3D\" href='https:\/\/nice06-renovation.com\/wp-content\/uploads\/2023\/04\/pexels-photo-7031760.jpeg'><img decoding=\"async\" width=\"1122\" height=\"750\" src=\"https:\/\/nice06-renovation.com\/wp-content\/uploads\/2023\/04\/pexels-photo-7031760.jpeg\" class=\"attachment-full size-full\" alt=\"\" srcset=\"https:\/\/nice06-renovation.com\/wp-content\/uploads\/2023\/04\/pexels-photo-7031760.jpeg 1122w, https:\/\/nice06-renovation.com\/wp-content\/uploads\/2023\/04\/pexels-photo-7031760-300x201.jpeg 300w, https:\/\/nice06-renovation.com\/wp-content\/uploads\/2023\/04\/pexels-photo-7031760-1024x684.jpeg 1024w, https:\/\/nice06-renovation.com\/wp-content\/uploads\/2023\/04\/pexels-photo-7031760-768x513.jpeg 768w\" sizes=\"(max-width: 1122px) 100vw, 1122px\" \/><\/a>\n\t\t\t<\/div><\/figure><figure class='gallery-item'>\n\t\t\t<div class='gallery-icon landscape'>\n\t\t\t\t<a data-elementor-open-lightbox=\"yes\" data-elementor-lightbox-slideshow=\"26b21b0\" data-elementor-lightbox-title=\"pexels-photo-1571463\" data-e-action-hash=\"#elementor-action%3Aaction%3Dlightbox%26settings%3DeyJpZCI6MTA0NSwidXJsIjoiaHR0cHM6XC9cL25pY2UwNi1yZW5vdmF0aW9uLmNvbVwvd3AtY29udGVudFwvdXBsb2Fkc1wvMjAyM1wvMDRcL3BleGVscy1waG90by0xNTcxNDYzLmpwZWciLCJzbGlkZXNob3ciOiIyNmIyMWIwIn0%3D\" href='https:\/\/nice06-renovation.com\/wp-content\/uploads\/2023\/04\/pexels-photo-1571463.jpeg'><img loading=\"lazy\" decoding=\"async\" width=\"1123\" height=\"750\" src=\"https:\/\/nice06-renovation.com\/wp-content\/uploads\/2023\/04\/pexels-photo-1571463.jpeg\" class=\"attachment-full size-full\" alt=\"\" srcset=\"https:\/\/nice06-renovation.com\/wp-content\/uploads\/2023\/04\/pexels-photo-1571463.jpeg 1123w, https:\/\/nice06-renovation.com\/wp-content\/uploads\/2023\/04\/pexels-photo-1571463-300x200.jpeg 300w, https:\/\/nice06-renovation.com\/wp-content\/uploads\/2023\/04\/pexels-photo-1571463-1024x684.jpeg 1024w, https:\/\/nice06-renovation.com\/wp-content\/uploads\/2023\/04\/pexels-photo-1571463-768x513.jpeg 768w\" sizes=\"(max-width: 1123px) 100vw, 1123px\" \/><\/a>\n\t\t\t<\/div><\/figure><figure class='gallery-item'>\n\t\t\t<div class='gallery-icon landscape'>\n\t\t\t\t<a data-elementor-open-lightbox=\"yes\" data-elementor-lightbox-slideshow=\"26b21b0\" data-elementor-lightbox-title=\"pexels-photo-7223624\" data-e-action-hash=\"#elementor-action%3Aaction%3Dlightbox%26settings%3DeyJpZCI6MTAzOSwidXJsIjoiaHR0cHM6XC9cL25pY2UwNi1yZW5vdmF0aW9uLmNvbVwvd3AtY29udGVudFwvdXBsb2Fkc1wvMjAyM1wvMDRcL3BleGVscy1waG90by03MjIzNjI0LWUxNjgxMjAwODg2Njg5LmpwZWciLCJzbGlkZXNob3ciOiIyNmIyMWIwIn0%3D\" href='https:\/\/nice06-renovation.com\/wp-content\/uploads\/2023\/04\/pexels-photo-7223624-e1681200886689.jpeg'><img loading=\"lazy\" decoding=\"async\" width=\"1097\" height=\"740\" src=\"https:\/\/nice06-renovation.com\/wp-content\/uploads\/2023\/04\/pexels-photo-7223624-e1681200886689.jpeg\" class=\"attachment-full size-full\" alt=\"\" srcset=\"https:\/\/nice06-renovation.com\/wp-content\/uploads\/2023\/04\/pexels-photo-7223624-e1681200886689.jpeg 1097w, https:\/\/nice06-renovation.com\/wp-content\/uploads\/2023\/04\/pexels-photo-7223624-e1681200886689-300x202.jpeg 300w, https:\/\/nice06-renovation.com\/wp-content\/uploads\/2023\/04\/pexels-photo-7223624-e1681200886689-1024x691.jpeg 1024w, https:\/\/nice06-renovation.com\/wp-content\/uploads\/2023\/04\/pexels-photo-7223624-e1681200886689-768x518.jpeg 768w\" sizes=\"(max-width: 1097px) 100vw, 1097px\" \/><\/a>\n\t\t\t<\/div><\/figure><figure class='gallery-item'>\n\t\t\t<div class='gallery-icon landscape'>\n\t\t\t\t<a data-elementor-open-lightbox=\"yes\" data-elementor-lightbox-slideshow=\"26b21b0\" data-elementor-lightbox-title=\"pexels-photo-1571459\" data-e-action-hash=\"#elementor-action%3Aaction%3Dlightbox%26settings%3DeyJpZCI6MTA0MiwidXJsIjoiaHR0cHM6XC9cL25pY2UwNi1yZW5vdmF0aW9uLmNvbVwvd3AtY29udGVudFwvdXBsb2Fkc1wvMjAyM1wvMDRcL3BleGVscy1waG90by0xNTcxNDU5LmpwZWciLCJzbGlkZXNob3ciOiIyNmIyMWIwIn0%3D\" href='https:\/\/nice06-renovation.com\/wp-content\/uploads\/2023\/04\/pexels-photo-1571459.jpeg'><img loading=\"lazy\" decoding=\"async\" width=\"1149\" height=\"750\" src=\"https:\/\/nice06-renovation.com\/wp-content\/uploads\/2023\/04\/pexels-photo-1571459.jpeg\" class=\"attachment-full size-full\" alt=\"\" srcset=\"https:\/\/nice06-renovation.com\/wp-content\/uploads\/2023\/04\/pexels-photo-1571459.jpeg 1149w, https:\/\/nice06-renovation.com\/wp-content\/uploads\/2023\/04\/pexels-photo-1571459-300x196.jpeg 300w, https:\/\/nice06-renovation.com\/wp-content\/uploads\/2023\/04\/pexels-photo-1571459-1024x668.jpeg 1024w, https:\/\/nice06-renovation.com\/wp-content\/uploads\/2023\/04\/pexels-photo-1571459-768x501.jpeg 768w\" sizes=\"(max-width: 1149px) 100vw, 1149px\" \/><\/a>\n\t\t\t<\/div><\/figure>\n\t\t<\/div>\n\t\t<\/div>\n\t\t\t\t\t\t<\/div>\n\t\t\t\t<\/div>\n\t\t\t\t\t<\/div>\n\t\t<\/div>\n\t\t\t\t\t<\/div>\n\t\t<\/section>\n\t\t\t\t<section class=\"elementor-section elementor-top-section elementor-element elementor-element-e4ab856 elementor-section-boxed elementor-section-height-default elementor-section-height-default\" data-id=\"e4ab856\" data-element_type=\"section\" data-settings=\"{&quot;background_background&quot;:&quot;classic&quot;}\">\n\t\t\t\t\t\t<div class=\"elementor-container elementor-column-gap-no\">\n\t\t\t\t\t<div class=\"elementor-column elementor-col-100 elementor-top-column elementor-element elementor-element-8537656\" data-id=\"8537656\" data-element_type=\"column\">\n\t\t\t<div class=\"elementor-widget-wrap elementor-element-populated\">\n\t\t\t\t\t\t<div class=\"elementor-element elementor-element-d921ab7 elementor-widget__width-auto elementor-widget elementor-widget-heading\" data-id=\"d921ab7\" data-element_type=\"widget\" data-widget_type=\"heading.default\">\n\t\t\t\t<div class=\"elementor-widget-container\">\n\t\t\t\t\t<h5 class=\"elementor-heading-title elementor-size-default\">N'attendez plus pour r\u00e9aliser vos travaux et contactez-nous<\/h5>\t\t\t\t<\/div>\n\t\t\t\t<\/div>\n\t\t\t\t<div class=\"elementor-element elementor-element-e3ed8b7 elementor-widget__width-auto elementor-widget elementor-widget-button\" data-id=\"e3ed8b7\" data-element_type=\"widget\" data-widget_type=\"button.default\">\n\t\t\t\t<div class=\"elementor-widget-container\">\n\t\t\t\t\t\t\t\t\t<div class=\"elementor-button-wrapper\">\n\t\t\t\t\t<a class=\"elementor-button elementor-button-link elementor-size-sm\" href=\"tel:+33620028601\">\n\t\t\t\t\t\t<span class=\"elementor-button-content-wrapper\">\n\t\t\t\t\t\t<span class=\"elementor-button-icon\">\n\t\t\t\t<i aria-hidden=\"true\" class=\"fas fa-phone-alt\"><\/i>\t\t\t<\/span>\n\t\t\t\t\t\t\t\t\t<span class=\"elementor-button-text\">06 20 02 86 01<\/span>\n\t\t\t\t\t<\/span>\n\t\t\t\t\t<\/a>\n\t\t\t\t<\/div>\n\t\t\t\t\t\t\t\t<\/div>\n\t\t\t\t<\/div>\n\t\t\t\t\t<\/div>\n\t\t<\/div>\n\t\t\t\t\t<\/div>\n\t\t<\/section>\n\t\t\t\t<section class=\"elementor-section elementor-top-section elementor-element elementor-element-9a837f6 elementor-section-boxed elementor-section-height-default elementor-section-height-default\" data-id=\"9a837f6\" data-element_type=\"section\">\n\t\t\t\t\t\t<div class=\"elementor-container elementor-column-gap-default\">\n\t\t\t\t\t<div class=\"elementor-column elementor-col-100 elementor-top-column elementor-element elementor-element-a7620af\" data-id=\"a7620af\" data-element_type=\"column\">\n\t\t\t<div class=\"elementor-widget-wrap elementor-element-populated\">\n\t\t\t\t\t\t<div class=\"elementor-element elementor-element-3afaed6 elementor-arrows-position-inside elementor-pagination-position-outside elementor-widget elementor-widget-image-carousel\" data-id=\"3afaed6\" data-element_type=\"widget\" data-settings=\"{&quot;slides_to_show&quot;:&quot;1&quot;,&quot;effect&quot;:&quot;fade&quot;,&quot;navigation&quot;:&quot;both&quot;,&quot;autoplay&quot;:&quot;yes&quot;,&quot;pause_on_hover&quot;:&quot;yes&quot;,&quot;pause_on_interaction&quot;:&quot;yes&quot;,&quot;autoplay_speed&quot;:5000,&quot;infinite&quot;:&quot;yes&quot;,&quot;speed&quot;:500}\" data-widget_type=\"image-carousel.default\">\n\t\t\t\t<div class=\"elementor-widget-container\">\n\t\t\t\t\t\t\t<div class=\"elementor-image-carousel-wrapper swiper\" role=\"region\" aria-roledescription=\"carousel\" aria-label=\"Carrousel d\u2019images\" dir=\"ltr\">\n\t\t\t<div class=\"elementor-image-carousel swiper-wrapper\" aria-live=\"off\">\n\t\t\t\t\t\t\t\t<div class=\"swiper-slide\" role=\"group\" aria-roledescription=\"slide\" aria-label=\"1 sur 6\"><figure class=\"swiper-slide-inner\"><img decoding=\"async\" class=\"swiper-slide-image\" src=\"https:\/\/nice06-renovation.com\/wp-content\/uploads\/2023\/04\/01-1.jpeg\" alt=\"01\" \/><\/figure><\/div><div class=\"swiper-slide\" role=\"group\" aria-roledescription=\"slide\" aria-label=\"2 sur 6\"><figure class=\"swiper-slide-inner\"><img decoding=\"async\" class=\"swiper-slide-image\" src=\"https:\/\/nice06-renovation.com\/wp-content\/uploads\/2023\/04\/02-1.jpeg\" alt=\"02\" \/><\/figure><\/div><div class=\"swiper-slide\" role=\"group\" aria-roledescription=\"slide\" aria-label=\"3 sur 6\"><figure class=\"swiper-slide-inner\"><img decoding=\"async\" class=\"swiper-slide-image\" src=\"https:\/\/nice06-renovation.com\/wp-content\/uploads\/2023\/04\/03-1.jpeg\" alt=\"03\" \/><\/figure><\/div><div class=\"swiper-slide\" role=\"group\" aria-roledescription=\"slide\" aria-label=\"4 sur 6\"><figure class=\"swiper-slide-inner\"><img decoding=\"async\" class=\"swiper-slide-image\" src=\"https:\/\/nice06-renovation.com\/wp-content\/uploads\/2023\/04\/05-1.jpeg\" alt=\"05\" \/><\/figure><\/div><div class=\"swiper-slide\" role=\"group\" aria-roledescription=\"slide\" aria-label=\"5 sur 6\"><figure class=\"swiper-slide-inner\"><img decoding=\"async\" class=\"swiper-slide-image\" src=\"https:\/\/nice06-renovation.com\/wp-content\/uploads\/2023\/04\/06-1.jpeg\" alt=\"06\" \/><\/figure><\/div><div class=\"swiper-slide\" role=\"group\" aria-roledescription=\"slide\" aria-label=\"6 sur 6\"><figure class=\"swiper-slide-inner\"><img decoding=\"async\" class=\"swiper-slide-image\" src=\"https:\/\/nice06-renovation.com\/wp-content\/uploads\/2023\/04\/07-1.jpeg\" alt=\"07\" \/><\/figure><\/div>\t\t\t<\/div>\n\t\t\t\t\t\t\t\t\t\t\t\t<div class=\"elementor-swiper-button elementor-swiper-button-prev\" role=\"button\" tabindex=\"0\">\n\t\t\t\t\t\t<i aria-hidden=\"true\" class=\"eicon-chevron-left\"><\/i>\t\t\t\t\t<\/div>\n\t\t\t\t\t<div class=\"elementor-swiper-button elementor-swiper-button-next\" role=\"button\" tabindex=\"0\">\n\t\t\t\t\t\t<i aria-hidden=\"true\" class=\"eicon-chevron-right\"><\/i>\t\t\t\t\t<\/div>\n\t\t\t\t\n\t\t\t\t\t\t\t\t\t<div class=\"swiper-pagination\"><\/div>\n\t\t\t\t\t\t\t\t\t<\/div>\n\t\t\t\t\t\t<\/div>\n\t\t\t\t<\/div>\n\t\t\t\t\t<\/div>\n\t\t<\/div>\n\t\t\t\t\t<\/div>\n\t\t<\/section>\n\t\t\t\t<\/div>\n\t\t","protected":false},"excerpt":{"rendered":"<p>Nice renovation Devis gratuit sous 24h Contactez-nous R\u00e9novation Alpes-Maritimes Nice &#8211; Monaco &#8211; Cannes R\u00e9novations et am\u00e9nagements total int\u00e9rieurs et ext\u00e9rieurs tous corps d&rsquo;\u00e9tat. Vous souhaitez r\u00e9aliser des travaux de r\u00e9novation au sein de votre logement ou dans vos locaux d&rsquo;entreprise ? Confiez votre projet aux professionnels de Nice R\u00e9novation, capables de se charger de [&hellip;]<\/p>\n","protected":false},"author":1,"featured_media":0,"parent":0,"menu_order":0,"comment_status":"closed","ping_status":"closed","template":"","meta":{"site-sidebar-layout":"no-sidebar","site-content-layout":"page-builder","ast-site-content-layout":"","site-content-style":"default","site-sidebar-style":"default","ast-global-header-display":"","ast-banner-title-visibility":"","ast-main-header-display":"","ast-hfb-above-header-display":"","ast-hfb-below-header-display":"","ast-hfb-mobile-header-display":"","site-post-title":"disabled","ast-breadcrumbs-content":"disabled","ast-featured-img":"disabled","footer-sml-layout":"","theme-transparent-header-meta":"default","adv-header-id-meta":"","stick-header-meta":"","header-above-stick-meta":"","header-main-stick-meta":"","header-below-stick-meta":"","astra-migrate-meta-layouts":"default","ast-page-background-enabled":"default","ast-page-background-meta":{"desktop":{"background-color":"","background-image":"","background-repeat":"repeat","background-position":"center center","background-size":"auto","background-attachment":"scroll","background-type":"","background-media":"","overlay-type":"","overlay-color":"","overlay-opacity":"","overlay-gradient":""},"tablet":{"background-color":"","background-image":"","background-repeat":"repeat","background-position":"center center","background-size":"auto","background-attachment":"scroll","background-type":"","background-media":"","overlay-type":"","overlay-color":"","overlay-opacity":"","overlay-gradient":""},"mobile":{"background-color":"","background-image":"","background-repeat":"repeat","background-position":"center center","background-size":"auto","background-attachment":"scroll","background-type":"","background-media":"","overlay-type":"","overlay-color":"","overlay-opacity":"","overlay-gradient":""}},"ast-content-background-meta":{"desktop":{"background-color":"var(--ast-global-color-5)","background-image":"","background-repeat":"repeat","background-position":"center center","background-size":"auto","background-attachment":"scroll","background-type":"","background-media":"","overlay-type":"","overlay-color":"","overlay-opacity":"","overlay-gradient":""},"tablet":{"background-color":"var(--ast-global-color-5)","background-image":"","background-repeat":"repeat","background-position":"center center","background-size":"auto","background-attachment":"scroll","background-type":"","background-media":"","overlay-type":"","overlay-color":"","overlay-opacity":"","overlay-gradient":""},"mobile":{"background-color":"var(--ast-global-color-5)","background-image":"","background-repeat":"repeat","background-position":"center center","background-size":"auto","background-attachment":"scroll","background-type":"","background-media":"","overlay-type":"","overlay-color":"","overlay-opacity":"","overlay-gradient":""}},"footnotes":""},"class_list":["post-1001","page","type-page","status-publish","hentry"],"_links":{"self":[{"href":"https:\/\/nice06-renovation.com\/index.php\/wp-json\/wp\/v2\/pages\/1001","targetHints":{"allow":["GET"]}}],"collection":[{"href":"https:\/\/nice06-renovation.com\/index.php\/wp-json\/wp\/v2\/pages"}],"about":[{"href":"https:\/\/nice06-renovation.com\/index.php\/wp-json\/wp\/v2\/types\/page"}],"author":[{"embeddable":true,"href":"https:\/\/nice06-renovation.com\/index.php\/wp-json\/wp\/v2\/users\/1"}],"replies":[{"embeddable":true,"href":"https:\/\/nice06-renovation.com\/index.php\/wp-json\/wp\/v2\/comments?post=1001"}],"version-history":[{"count":95,"href":"https:\/\/nice06-renovation.com\/index.php\/wp-json\/wp\/v2\/pages\/1001\/revisions"}],"predecessor-version":[{"id":1470,"href":"https:\/\/nice06-renovation.com\/index.php\/wp-json\/wp\/v2\/pages\/1001\/revisions\/1470"}],"wp:attachment":[{"href":"https:\/\/nice06-renovation.com\/index.php\/wp-json\/wp\/v2\/media?parent=1001"}],"curies":[{"name":"wp","href":"https:\/\/api.w.org\/{rel}","templated":true}]}}