{"id":1129,"date":"2023-04-11T11:29:14","date_gmt":"2023-04-11T09:29:14","guid":{"rendered":"https:\/\/nice06-renovation.com\/?page_id=1129"},"modified":"2023-06-18T18:02:22","modified_gmt":"2023-06-18T16:02:22","slug":"plan-amenagement","status":"publish","type":"page","link":"https:\/\/nice06-renovation.com\/index.php\/plan-amenagement\/","title":{"rendered":"Plan &#038; Am\u00e9nagement"},"content":{"rendered":"\t\t<div data-elementor-type=\"wp-page\" data-elementor-id=\"1129\" class=\"elementor elementor-1129\">\n\t\t\t\t\t\t<section class=\"elementor-section elementor-top-section elementor-element elementor-element-0c5707e elementor-section-boxed elementor-section-height-default elementor-section-height-default\" data-id=\"0c5707e\" data-element_type=\"section\">\n\t\t\t\t\t\t<div class=\"elementor-container elementor-column-gap-default\">\n\t\t\t\t\t<div class=\"elementor-column elementor-col-100 elementor-top-column elementor-element elementor-element-0434a2c\" data-id=\"0434a2c\" data-element_type=\"column\">\n\t\t\t<div class=\"elementor-widget-wrap elementor-element-populated\">\n\t\t\t\t\t\t<div class=\"elementor-element elementor-element-6a8e03a elementor-widget elementor-widget-heading\" data-id=\"6a8e03a\" data-element_type=\"widget\" data-widget_type=\"heading.default\">\n\t\t\t\t<div class=\"elementor-widget-container\">\n\t\t\t\t\t<h4 class=\"elementor-heading-title elementor-size-default\">Plan &amp; Am\u00e9nagement<\/h4>\t\t\t\t<\/div>\n\t\t\t\t<\/div>\n\t\t\t\t<section class=\"elementor-section elementor-inner-section elementor-element elementor-element-8096a0d elementor-section-boxed elementor-section-height-default elementor-section-height-default\" data-id=\"8096a0d\" data-element_type=\"section\">\n\t\t\t\t\t\t<div class=\"elementor-container elementor-column-gap-default\">\n\t\t\t\t\t<div class=\"elementor-column elementor-col-100 elementor-inner-column elementor-element elementor-element-3e684ce\" data-id=\"3e684ce\" data-element_type=\"column\">\n\t\t\t<div class=\"elementor-widget-wrap elementor-element-populated\">\n\t\t\t\t\t\t<div class=\"elementor-element elementor-element-8e5a29e elementor-widget elementor-widget-image\" data-id=\"8e5a29e\" data-element_type=\"widget\" data-widget_type=\"image.default\">\n\t\t\t\t<div class=\"elementor-widget-container\">\n\t\t\t\t\t\t\t\t\t\t\t\t\t\t\t<img fetchpriority=\"high\" decoding=\"async\" width=\"300\" height=\"200\" src=\"https:\/\/nice06-renovation.com\/wp-content\/uploads\/2023\/04\/plan_renovation-300x200.webp\" class=\"attachment-medium size-medium wp-image-1150\" alt=\"\" srcset=\"https:\/\/nice06-renovation.com\/wp-content\/uploads\/2023\/04\/plan_renovation-300x200.webp 300w, https:\/\/nice06-renovation.com\/wp-content\/uploads\/2023\/04\/plan_renovation-1024x683.webp 1024w, https:\/\/nice06-renovation.com\/wp-content\/uploads\/2023\/04\/plan_renovation-768x512.webp 768w, https:\/\/nice06-renovation.com\/wp-content\/uploads\/2023\/04\/plan_renovation.webp 1124w\" sizes=\"(max-width: 300px) 100vw, 300px\" \/>\t\t\t\t\t\t\t\t\t\t\t\t\t\t\t<\/div>\n\t\t\t\t<\/div>\n\t\t\t\t\t<\/div>\n\t\t<\/div>\n\t\t\t\t\t<\/div>\n\t\t<\/section>\n\t\t\t\t<div class=\"elementor-element elementor-element-37cc2ff elementor-widget elementor-widget-text-editor\" data-id=\"37cc2ff\" data-element_type=\"widget\" data-widget_type=\"text-editor.default\">\n\t\t\t\t<div class=\"elementor-widget-container\">\n\t\t\t\t\t\t\t\t\t<div>Il est important de faire un plan afin d&rsquo;identifier vos besoins et donc les objectifs \u00e0 atteindre pour vous satisfaire. Nous \u00e9tablissons des plans en 2D ou 3D pour vous faciliter la projection dans votre futur int\u00e9rieur.<\/div>\n<div><br><\/div>\n<div>Que ce soit pour r\u00e9am\u00e9nager votre salon, votre chambre ou m\u00eame r\u00e9nover votre appartement du sol au plafond, nos conseillers vous \u00e9coutent et vous conseillent et proposent une solution adapt\u00e9e \u00e0 vos go\u00fbts, \u00e0 votre int\u00e9rieur et vos besoins<\/div>\n<div><\/div>\t\t\t\t\t\t\t\t<\/div>\n\t\t\t\t<\/div>\n\t\t\t\t\t<\/div>\n\t\t<\/div>\n\t\t\t\t\t<\/div>\n\t\t<\/section>\n\t\t\t\t<section class=\"elementor-section elementor-top-section elementor-element elementor-element-8ed99b7 elementor-section-boxed elementor-section-height-default elementor-section-height-default\" data-id=\"8ed99b7\" data-element_type=\"section\" data-settings=\"{&quot;background_background&quot;:&quot;classic&quot;}\">\n\t\t\t\t\t\t<div class=\"elementor-container elementor-column-gap-no\">\n\t\t\t\t\t<div class=\"elementor-column elementor-col-100 elementor-top-column elementor-element elementor-element-85a57f5\" data-id=\"85a57f5\" data-element_type=\"column\">\n\t\t\t<div class=\"elementor-widget-wrap elementor-element-populated\">\n\t\t\t\t\t\t<div class=\"elementor-element elementor-element-6f3698d elementor-widget__width-auto elementor-widget elementor-widget-heading\" data-id=\"6f3698d\" data-element_type=\"widget\" data-widget_type=\"heading.default\">\n\t\t\t\t<div class=\"elementor-widget-container\">\n\t\t\t\t\t<h5 class=\"elementor-heading-title elementor-size-default\">N'attendez plus pour r\u00e9aliser vos travaux et contactez-nous<\/h5>\t\t\t\t<\/div>\n\t\t\t\t<\/div>\n\t\t\t\t<div class=\"elementor-element elementor-element-808ec78 elementor-widget__width-auto elementor-widget elementor-widget-button\" data-id=\"808ec78\" data-element_type=\"widget\" data-widget_type=\"button.default\">\n\t\t\t\t<div class=\"elementor-widget-container\">\n\t\t\t\t\t\t\t\t\t<div class=\"elementor-button-wrapper\">\n\t\t\t\t\t<a class=\"elementor-button elementor-button-link elementor-size-sm\" href=\"tel:+33620028601\">\n\t\t\t\t\t\t<span class=\"elementor-button-content-wrapper\">\n\t\t\t\t\t\t\t\t\t<span class=\"elementor-button-text\">0620028601<\/span>\n\t\t\t\t\t<\/span>\n\t\t\t\t\t<\/a>\n\t\t\t\t<\/div>\n\t\t\t\t\t\t\t\t<\/div>\n\t\t\t\t<\/div>\n\t\t\t\t\t<\/div>\n\t\t<\/div>\n\t\t\t\t\t<\/div>\n\t\t<\/section>\n\t\t\t\t<\/div>\n\t\t","protected":false},"excerpt":{"rendered":"<p>Plan &amp; Am\u00e9nagement Il est important de faire un plan afin d&rsquo;identifier vos besoins et donc les objectifs \u00e0 atteindre pour vous satisfaire. Nous \u00e9tablissons des plans en 2D ou 3D pour vous faciliter la projection dans votre futur int\u00e9rieur. Que ce soit pour r\u00e9am\u00e9nager votre salon, votre chambre ou m\u00eame r\u00e9nover votre appartement du [&hellip;]<\/p>\n","protected":false},"author":1,"featured_media":0,"parent":0,"menu_order":0,"comment_status":"closed","ping_status":"closed","template":"","meta":{"site-sidebar-layout":"no-sidebar","site-content-layout":"page-builder","ast-site-content-layout":"","site-content-style":"default","site-sidebar-style":"default","ast-global-header-display":"","ast-banner-title-visibility":"","ast-main-header-display":"","ast-hfb-above-header-display":"","ast-hfb-below-header-display":"","ast-hfb-mobile-header-display":"","site-post-title":"disabled","ast-breadcrumbs-content":"","ast-featured-img":"disabled","footer-sml-layout":"","theme-transparent-header-meta":"","adv-header-id-meta":"","stick-header-meta":"","header-above-stick-meta":"","header-main-stick-meta":"","header-below-stick-meta":"","astra-migrate-meta-layouts":"default","ast-page-background-enabled":"default","ast-page-background-meta":{"desktop":{"background-color":"","background-image":"","background-repeat":"repeat","background-position":"center center","background-size":"auto","background-attachment":"scroll","background-type":"","background-media":"","overlay-type":"","overlay-color":"","overlay-opacity":"","overlay-gradient":""},"tablet":{"background-color":"","background-image":"","background-repeat":"repeat","background-position":"center center","background-size":"auto","background-attachment":"scroll","background-type":"","background-media":"","overlay-type":"","overlay-color":"","overlay-opacity":"","overlay-gradient":""},"mobile":{"background-color":"","background-image":"","background-repeat":"repeat","background-position":"center center","background-size":"auto","background-attachment":"scroll","background-type":"","background-media":"","overlay-type":"","overlay-color":"","overlay-opacity":"","overlay-gradient":""}},"ast-content-background-meta":{"desktop":{"background-color":"var(--ast-global-color-5)","background-image":"","background-repeat":"repeat","background-position":"center center","background-size":"auto","background-attachment":"scroll","background-type":"","background-media":"","overlay-type":"","overlay-color":"","overlay-opacity":"","overlay-gradient":""},"tablet":{"background-color":"var(--ast-global-color-5)","background-image":"","background-repeat":"repeat","background-position":"center center","background-size":"auto","background-attachment":"scroll","background-type":"","background-media":"","overlay-type":"","overlay-color":"","overlay-opacity":"","overlay-gradient":""},"mobile":{"background-color":"var(--ast-global-color-5)","background-image":"","background-repeat":"repeat","background-position":"center center","background-size":"auto","background-attachment":"scroll","background-type":"","background-media":"","overlay-type":"","overlay-color":"","overlay-opacity":"","overlay-gradient":""}},"footnotes":""},"class_list":["post-1129","page","type-page","status-publish","hentry"],"_links":{"self":[{"href":"https:\/\/nice06-renovation.com\/index.php\/wp-json\/wp\/v2\/pages\/1129","targetHints":{"allow":["GET"]}}],"collection":[{"href":"https:\/\/nice06-renovation.com\/index.php\/wp-json\/wp\/v2\/pages"}],"about":[{"href":"https:\/\/nice06-renovation.com\/index.php\/wp-json\/wp\/v2\/types\/page"}],"author":[{"embeddable":true,"href":"https:\/\/nice06-renovation.com\/index.php\/wp-json\/wp\/v2\/users\/1"}],"replies":[{"embeddable":true,"href":"https:\/\/nice06-renovation.com\/index.php\/wp-json\/wp\/v2\/comments?post=1129"}],"version-history":[{"count":22,"href":"https:\/\/nice06-renovation.com\/index.php\/wp-json\/wp\/v2\/pages\/1129\/revisions"}],"predecessor-version":[{"id":1482,"href":"https:\/\/nice06-renovation.com\/index.php\/wp-json\/wp\/v2\/pages\/1129\/revisions\/1482"}],"wp:attachment":[{"href":"https:\/\/nice06-renovation.com\/index.php\/wp-json\/wp\/v2\/media?parent=1129"}],"curies":[{"name":"wp","href":"https:\/\/api.w.org\/{rel}","templated":true}]}}