{"id":1223,"date":"2023-04-11T12:27:16","date_gmt":"2023-04-11T10:27:16","guid":{"rendered":"https:\/\/nice06-renovation.com\/?page_id=1223"},"modified":"2023-06-18T18:07:11","modified_gmt":"2023-06-18T16:07:11","slug":"peinture-finition","status":"publish","type":"page","link":"https:\/\/nice06-renovation.com\/index.php\/peinture-finition\/","title":{"rendered":"Peinture &#038; Finition"},"content":{"rendered":"\t\t<div data-elementor-type=\"wp-page\" data-elementor-id=\"1223\" class=\"elementor elementor-1223\">\n\t\t\t\t\t\t<section class=\"elementor-section elementor-top-section elementor-element elementor-element-6475159 elementor-section-boxed elementor-section-height-default elementor-section-height-default\" data-id=\"6475159\" data-element_type=\"section\">\n\t\t\t\t\t\t<div class=\"elementor-container elementor-column-gap-default\">\n\t\t\t\t\t<div class=\"elementor-column elementor-col-100 elementor-top-column elementor-element elementor-element-8f39a17\" data-id=\"8f39a17\" data-element_type=\"column\">\n\t\t\t<div class=\"elementor-widget-wrap elementor-element-populated\">\n\t\t\t\t\t\t<div class=\"elementor-element elementor-element-b32fefa elementor-widget elementor-widget-heading\" data-id=\"b32fefa\" data-element_type=\"widget\" data-widget_type=\"heading.default\">\n\t\t\t\t<div class=\"elementor-widget-container\">\n\t\t\t\t\t<h4 class=\"elementor-heading-title elementor-size-default\">Peinture &amp; Finition<\/h4>\t\t\t\t<\/div>\n\t\t\t\t<\/div>\n\t\t\t\t\t<\/div>\n\t\t<\/div>\n\t\t\t\t\t<\/div>\n\t\t<\/section>\n\t\t\t\t<section class=\"elementor-section elementor-top-section elementor-element elementor-element-aff91c1 elementor-section-boxed elementor-section-height-default elementor-section-height-default\" data-id=\"aff91c1\" data-element_type=\"section\">\n\t\t\t\t\t\t<div class=\"elementor-container elementor-column-gap-default\">\n\t\t\t\t\t<div class=\"elementor-column elementor-col-100 elementor-top-column elementor-element elementor-element-99b2433\" data-id=\"99b2433\" data-element_type=\"column\">\n\t\t\t<div class=\"elementor-widget-wrap elementor-element-populated\">\n\t\t\t\t\t\t<div class=\"elementor-element elementor-element-d896a3c elementor-widget elementor-widget-image\" data-id=\"d896a3c\" data-element_type=\"widget\" data-widget_type=\"image.default\">\n\t\t\t\t<div class=\"elementor-widget-container\">\n\t\t\t\t\t\t\t\t\t\t\t\t\t\t\t<img fetchpriority=\"high\" decoding=\"async\" width=\"300\" height=\"200\" src=\"https:\/\/nice06-renovation.com\/wp-content\/uploads\/2023\/04\/peinture-300x200.jpeg\" class=\"attachment-medium size-medium wp-image-1228\" alt=\"\" srcset=\"https:\/\/nice06-renovation.com\/wp-content\/uploads\/2023\/04\/peinture-300x200.jpeg 300w, https:\/\/nice06-renovation.com\/wp-content\/uploads\/2023\/04\/peinture-1024x683.jpeg 1024w, https:\/\/nice06-renovation.com\/wp-content\/uploads\/2023\/04\/peinture-768x512.jpeg 768w, https:\/\/nice06-renovation.com\/wp-content\/uploads\/2023\/04\/peinture-1536x1024.jpeg 1536w, https:\/\/nice06-renovation.com\/wp-content\/uploads\/2023\/04\/peinture-2048x1365.jpeg 2048w\" sizes=\"(max-width: 300px) 100vw, 300px\" \/>\t\t\t\t\t\t\t\t\t\t\t\t\t\t\t<\/div>\n\t\t\t\t<\/div>\n\t\t\t\t<div class=\"elementor-element elementor-element-a0119f0 elementor-widget elementor-widget-text-editor\" data-id=\"a0119f0\" data-element_type=\"widget\" data-widget_type=\"text-editor.default\">\n\t\t\t\t<div class=\"elementor-widget-container\">\n\t\t\t\t\t\t\t\t\t<div style=\"box-sizing: border-box;\">\n<div style=\"position: relative; display: block; -webkit-box-orient: vertical; flex-direction: column; margin-top: 5px; margin-bottom: 3px; box-sizing: border-box;\">\n<div style=\"width: 100%; height: auto; text-align: center; box-sizing: border-box; white-space: normal; min-height: auto;\" data-packed=\"false\" data-vertical-text=\"false\" data-min-height=\"auto\">\n<div style=\"height: initial;\">\n<p><span style=\"font-family: avenir-lt-w01_35-light1475496,sans-serif;\">Afin d&rsquo;obtenir un mur parfait :&nbsp;il faut appliquer plusieurs couches d&rsquo;enduit avec une&nbsp;derni\u00e8re couche de finition puis poncer et une fois votre mur lisse, appliquer une derni\u00e8re couche et peindre ensuite avec une bonne qualit\u00e9 de peinture professionnelle.<\/span><\/p>\n<p><span style=\"font-family: avenir-lt-w01_35-light1475496,sans-serif;\">Peindre est un m\u00e9tier, pour obtenir un r\u00e9sultat parfait il est recommand\u00e9 de travailler avec de vrais professionnels.<\/span><\/p>\n<\/div>\n<\/div>\n<\/div>\n<\/div>\t\t\t\t\t\t\t\t<\/div>\n\t\t\t\t<\/div>\n\t\t\t\t\t<\/div>\n\t\t<\/div>\n\t\t\t\t\t<\/div>\n\t\t<\/section>\n\t\t\t\t<section class=\"elementor-section elementor-top-section elementor-element elementor-element-d4dbc14 elementor-section-boxed elementor-section-height-default elementor-section-height-default\" data-id=\"d4dbc14\" data-element_type=\"section\" data-settings=\"{&quot;background_background&quot;:&quot;classic&quot;}\">\n\t\t\t\t\t\t<div class=\"elementor-container elementor-column-gap-no\">\n\t\t\t\t\t<div class=\"elementor-column elementor-col-100 elementor-top-column elementor-element elementor-element-61a187f\" data-id=\"61a187f\" data-element_type=\"column\">\n\t\t\t<div class=\"elementor-widget-wrap elementor-element-populated\">\n\t\t\t\t\t\t<div class=\"elementor-element elementor-element-ac7561e elementor-widget__width-auto elementor-widget elementor-widget-heading\" data-id=\"ac7561e\" data-element_type=\"widget\" data-widget_type=\"heading.default\">\n\t\t\t\t<div class=\"elementor-widget-container\">\n\t\t\t\t\t<h5 class=\"elementor-heading-title elementor-size-default\">N'attendez plus pour r\u00e9aliser vos travaux et contactez-nous<\/h5>\t\t\t\t<\/div>\n\t\t\t\t<\/div>\n\t\t\t\t<div class=\"elementor-element elementor-element-40cd09a elementor-widget__width-auto elementor-widget elementor-widget-button\" data-id=\"40cd09a\" data-element_type=\"widget\" data-widget_type=\"button.default\">\n\t\t\t\t<div class=\"elementor-widget-container\">\n\t\t\t\t\t\t\t\t\t<div class=\"elementor-button-wrapper\">\n\t\t\t\t\t<a class=\"elementor-button elementor-button-link elementor-size-sm\" href=\"tel:+33620028601\">\n\t\t\t\t\t\t<span class=\"elementor-button-content-wrapper\">\n\t\t\t\t\t\t\t\t\t<span class=\"elementor-button-text\">0620028601<\/span>\n\t\t\t\t\t<\/span>\n\t\t\t\t\t<\/a>\n\t\t\t\t<\/div>\n\t\t\t\t\t\t\t\t<\/div>\n\t\t\t\t<\/div>\n\t\t\t\t\t<\/div>\n\t\t<\/div>\n\t\t\t\t\t<\/div>\n\t\t<\/section>\n\t\t\t\t<\/div>\n\t\t","protected":false},"excerpt":{"rendered":"<p>Peinture &amp; Finition Afin d&rsquo;obtenir un mur parfait :&nbsp;il faut appliquer plusieurs couches d&rsquo;enduit avec une&nbsp;derni\u00e8re couche de finition puis poncer et une fois votre mur lisse, appliquer une derni\u00e8re couche et peindre ensuite avec une bonne qualit\u00e9 de peinture professionnelle. Peindre est un m\u00e9tier, pour obtenir un r\u00e9sultat parfait il est recommand\u00e9 de travailler [&hellip;]<\/p>\n","protected":false},"author":1,"featured_media":0,"parent":0,"menu_order":0,"comment_status":"closed","ping_status":"closed","template":"","meta":{"site-sidebar-layout":"no-sidebar","site-content-layout":"page-builder","ast-site-content-layout":"","site-content-style":"default","site-sidebar-style":"default","ast-global-header-display":"","ast-banner-title-visibility":"","ast-main-header-display":"","ast-hfb-above-header-display":"","ast-hfb-below-header-display":"","ast-hfb-mobile-header-display":"","site-post-title":"disabled","ast-breadcrumbs-content":"","ast-featured-img":"disabled","footer-sml-layout":"","theme-transparent-header-meta":"","adv-header-id-meta":"","stick-header-meta":"","header-above-stick-meta":"","header-main-stick-meta":"","header-below-stick-meta":"","astra-migrate-meta-layouts":"default","ast-page-background-enabled":"default","ast-page-background-meta":{"desktop":{"background-color":"","background-image":"","background-repeat":"repeat","background-position":"center center","background-size":"auto","background-attachment":"scroll","background-type":"","background-media":"","overlay-type":"","overlay-color":"","overlay-opacity":"","overlay-gradient":""},"tablet":{"background-color":"","background-image":"","background-repeat":"repeat","background-position":"center center","background-size":"auto","background-attachment":"scroll","background-type":"","background-media":"","overlay-type":"","overlay-color":"","overlay-opacity":"","overlay-gradient":""},"mobile":{"background-color":"","background-image":"","background-repeat":"repeat","background-position":"center center","background-size":"auto","background-attachment":"scroll","background-type":"","background-media":"","overlay-type":"","overlay-color":"","overlay-opacity":"","overlay-gradient":""}},"ast-content-background-meta":{"desktop":{"background-color":"var(--ast-global-color-5)","background-image":"","background-repeat":"repeat","background-position":"center center","background-size":"auto","background-attachment":"scroll","background-type":"","background-media":"","overlay-type":"","overlay-color":"","overlay-opacity":"","overlay-gradient":""},"tablet":{"background-color":"var(--ast-global-color-5)","background-image":"","background-repeat":"repeat","background-position":"center center","background-size":"auto","background-attachment":"scroll","background-type":"","background-media":"","overlay-type":"","overlay-color":"","overlay-opacity":"","overlay-gradient":""},"mobile":{"background-color":"var(--ast-global-color-5)","background-image":"","background-repeat":"repeat","background-position":"center center","background-size":"auto","background-attachment":"scroll","background-type":"","background-media":"","overlay-type":"","overlay-color":"","overlay-opacity":"","overlay-gradient":""}},"footnotes":""},"class_list":["post-1223","page","type-page","status-publish","hentry"],"_links":{"self":[{"href":"https:\/\/nice06-renovation.com\/index.php\/wp-json\/wp\/v2\/pages\/1223","targetHints":{"allow":["GET"]}}],"collection":[{"href":"https:\/\/nice06-renovation.com\/index.php\/wp-json\/wp\/v2\/pages"}],"about":[{"href":"https:\/\/nice06-renovation.com\/index.php\/wp-json\/wp\/v2\/types\/page"}],"author":[{"embeddable":true,"href":"https:\/\/nice06-renovation.com\/index.php\/wp-json\/wp\/v2\/users\/1"}],"replies":[{"embeddable":true,"href":"https:\/\/nice06-renovation.com\/index.php\/wp-json\/wp\/v2\/comments?post=1223"}],"version-history":[{"count":8,"href":"https:\/\/nice06-renovation.com\/index.php\/wp-json\/wp\/v2\/pages\/1223\/revisions"}],"predecessor-version":[{"id":1491,"href":"https:\/\/nice06-renovation.com\/index.php\/wp-json\/wp\/v2\/pages\/1223\/revisions\/1491"}],"wp:attachment":[{"href":"https:\/\/nice06-renovation.com\/index.php\/wp-json\/wp\/v2\/media?parent=1223"}],"curies":[{"name":"wp","href":"https:\/\/api.w.org\/{rel}","templated":true}]}}